{"id":775466,"date":"2015-04-01T04:43:07","date_gmt":"2015-04-01T02:43:07","guid":{"rendered":"http:\/\/www.eldigitaldeasturias.com\/noticias\/?page_id=775466"},"modified":"2023-12-25T17:43:12","modified_gmt":"2023-12-25T16:43:12","slug":"tarifas-publicitarias","status":"publish","type":"page","link":"https:\/\/www.eldigitaldeasturias.com\/noticias\/tarifas-publicitarias\/","title":{"rendered":"Tarifas Publicitarias"},"content":{"rendered":"<p>Bienvenidos a nuestra secci\u00f3n de <strong>publicidad<\/strong>, <strong>el lugar en el que te informamos de nuestros productos y tarifas publicitarias vigentes para el a\u00f1o 2024 en el Digital de Asturias<\/strong><\/p>\n<p><img loading=\"lazy\" decoding=\"async\" class=\"aligncenter wp-image-1127869 size-full\" src=\"https:\/\/www.eldigitaldeasturias.com\/noticias\/wp-content\/uploads\/2023\/12\/Tarifas-digital-de-Asturias.jpg\" alt=\"Tarifas digital de Asturias\" width=\"640\" height=\"427\" srcset=\"https:\/\/www.eldigitaldeasturias.com\/noticias\/wp-content\/uploads\/2023\/12\/Tarifas-digital-de-Asturias.jpg 640w, https:\/\/www.eldigitaldeasturias.com\/noticias\/wp-content\/uploads\/2023\/12\/Tarifas-digital-de-Asturias-360x240.jpg 360w, https:\/\/www.eldigitaldeasturias.com\/noticias\/wp-content\/uploads\/2023\/12\/Tarifas-digital-de-Asturias-450x300.jpg 450w, https:\/\/www.eldigitaldeasturias.com\/noticias\/wp-content\/uploads\/2023\/12\/Tarifas-digital-de-Asturias-150x100.jpg 150w\" sizes=\"auto, (max-width: 640px) 100vw, 640px\" \/><\/p>\n<p>El Digital de Asturias es un medio de comunicaci\u00f3n , privado e independiente, con una larga trayectoria y presencia en la red desde el a\u00f1o 2013,<strong> millones de personas nos han visitado y cientos de marcas y empresas nos han confiado su publicidad.<\/strong><\/p>\n<h2>Creamos contenidos.<\/h2>\n<p><strong>En nuestras redes y plataformas creamos contenidos que son vistos, le\u00eddos, escuchados y compartidos por cientos e incluso miles de personas cada jornada.<\/strong><\/p>\n<p>Todas las personas que conocen el mundo de internet, saben que hay contenidos y noticias que llegan a m\u00e1s o menos personas. <strong>Eso no es motivo para no apostar siempre por la calidad y el trabajo diario, buscando mejorar siempre lo que ofrecemos tanto a nuestros lectores como anunciantes.<\/strong><\/p>\n<h2>La nueva publicidad.<\/h2>\n<p>En nuestro diario <strong>no encontrar\u00e1 banners de marcas o empresas, lo hacemos para mejorar la experiencia de nuestros usuarios<\/strong>. \u00bfPodr\u00edamos tener nuestro diario lleno de publicidad emergente, ventanas y molestos anuncios?. Obviamente podr\u00edamos, pero sabemos, tanto como creadores y consumidores de contenidos que es molesto para los lectores.<\/p>\n<p><img loading=\"lazy\" decoding=\"async\" class=\"aligncenter wp-image-1127867 size-full\" src=\"https:\/\/www.eldigitaldeasturias.com\/noticias\/wp-content\/uploads\/2023\/12\/creatividad-Asturias.jpg\" alt=\"creatividad Asturias\" width=\"640\" height=\"401\" srcset=\"https:\/\/www.eldigitaldeasturias.com\/noticias\/wp-content\/uploads\/2023\/12\/creatividad-Asturias.jpg 640w, https:\/\/www.eldigitaldeasturias.com\/noticias\/wp-content\/uploads\/2023\/12\/creatividad-Asturias-360x226.jpg 360w, https:\/\/www.eldigitaldeasturias.com\/noticias\/wp-content\/uploads\/2023\/12\/creatividad-Asturias-480x300.jpg 480w, https:\/\/www.eldigitaldeasturias.com\/noticias\/wp-content\/uploads\/2023\/12\/creatividad-Asturias-150x94.jpg 150w, https:\/\/www.eldigitaldeasturias.com\/noticias\/wp-content\/uploads\/2023\/12\/creatividad-Asturias-450x282.jpg 450w\" sizes=\"auto, (max-width: 640px) 100vw, 640px\" \/><\/p>\n<p>En nuestro diario<strong> ofrecemos distribuci\u00f3n de notas de prensa, inserci\u00f3n de links y creamos cada jornada decenas de post patrocinados,<\/strong> tambi\u00e9n trabajamos con una serie de agencias de noticias y de distribuci\u00f3n de post, art\u00edculos e informaci\u00f3n.<\/p>\n<p>Obviamente no es un servicio gratuito, pues se hacen referencia a marcas, empresas y productos, pero garantizamos un buen posicionamiento y buenos resultados.<\/p>\n<h2>Cientos de clientes satisfechos.<\/h2>\n<p>Cada d\u00eda son muchas las <strong>empresas que nos conf\u00edan sus textos, menciones en radio, reportajes en nuestra TV Online, o que buscan la distribuci\u00f3n de sus notas de prensa<\/strong>.<\/p>\n<p><img loading=\"lazy\" decoding=\"async\" class=\"aligncenter wp-image-1127868 size-full\" src=\"https:\/\/www.eldigitaldeasturias.com\/noticias\/wp-content\/uploads\/2023\/12\/SEO-Asturias.jpg\" alt=\"SEO Asturias\" width=\"640\" height=\"425\" srcset=\"https:\/\/www.eldigitaldeasturias.com\/noticias\/wp-content\/uploads\/2023\/12\/SEO-Asturias.jpg 640w, https:\/\/www.eldigitaldeasturias.com\/noticias\/wp-content\/uploads\/2023\/12\/SEO-Asturias-360x239.jpg 360w, https:\/\/www.eldigitaldeasturias.com\/noticias\/wp-content\/uploads\/2023\/12\/SEO-Asturias-452x300.jpg 452w, https:\/\/www.eldigitaldeasturias.com\/noticias\/wp-content\/uploads\/2023\/12\/SEO-Asturias-150x100.jpg 150w, https:\/\/www.eldigitaldeasturias.com\/noticias\/wp-content\/uploads\/2023\/12\/SEO-Asturias-450x299.jpg 450w\" sizes=\"auto, (max-width: 640px) 100vw, 640px\" \/><\/p>\n<blockquote><p>La calidad es la base de cualquier trabajo, la esencia de nuestro medio y lo que ofrecemos a comercios locales, peque\u00f1as o medianas empresas, aut\u00f3nomos y todas aquellas que quieran formar parte de nuestro escaparate digital.<\/p><\/blockquote>\n<p>\u00bfDeseas conocer nuestras tarifas y precios? \u00bfLas tem\u00e1ticas que aceptamos y publicamos? \u00bfContratar la publicaci\u00f3n o difusi\u00f3n de un contenido o nota de prensa?<\/p>\n<p><strong><em>En ese caso escr\u00edbenos a comercial@eldigitaldeasturias.com<\/em><\/strong><\/p>\n<p><em>En un plazo no superior a 48 horas te ofreceremos una respuesta.<\/em><\/p>\n","protected":false},"excerpt":{"rendered":"<p>Bienvenidos a nuestra secci\u00f3n de publicidad, el lugar en el que te informamos de nuestros productos y tarifas publicitarias vigentes para el a\u00f1o 2024 en el Digital de Asturias El Digital de Asturias es un medio de comunicaci\u00f3n , privado e independiente, con una larga trayectoria y presencia en la red desde el a\u00f1o 2013, [&hellip;]<\/p>\n","protected":false},"author":1,"featured_media":1127869,"parent":0,"menu_order":0,"comment_status":"closed","ping_status":"closed","template":"","meta":{"footnotes":""},"class_list":["post-775466","page","type-page","status-publish","has-post-thumbnail","hentry"],"aioseo_notices":[],"aioseo_head":"\n\t\t<!-- All in One SEO Pro 4.9.5.2 - aioseo.com -->\n\t<meta name=\"description\" content=\"Bienvenidos a nuestra secci\u00f3n de publicidad, el lugar en el que te informamos de nuestros productos y tarifas publicitarias vigentes para el a\u00f1o 2024 en el\" \/>\n\t<meta name=\"robots\" content=\"max-image-preview:large\" \/>\n\t<meta name=\"google-site-verification\" content=\"UA-38556648-1\" \/>\n\t<meta name=\"msvalidate.01\" content=\"7dfe9f3f1b24437ab69f4f2559babe99\" \/>\n\t<link rel=\"canonical\" href=\"https:\/\/www.eldigitaldeasturias.com\/noticias\/tarifas-publicitarias\/\" \/>\n\t<meta name=\"generator\" content=\"All in One SEO Pro (AIOSEO) 4.9.5.2\" \/>\n\t\t<meta property=\"og:locale\" content=\"es_ES\" \/>\n\t\t<meta property=\"og:site_name\" content=\"El Digital de Asturias\" \/>\n\t\t<meta property=\"og:type\" content=\"article\" \/>\n\t\t<meta property=\"og:title\" content=\"Tarifas Publicitarias \u2013 El Digital de Asturias\" \/>\n\t\t<meta property=\"og:description\" content=\"Bienvenidos a nuestra secci\u00f3n de publicidad, el lugar en el que te informamos de nuestros productos y tarifas publicitarias vigentes para el a\u00f1o 2024 en el\" \/>\n\t\t<meta property=\"og:url\" content=\"https:\/\/www.eldigitaldeasturias.com\/noticias\/tarifas-publicitarias\/\" \/>\n\t\t<meta property=\"og:image\" content=\"https:\/\/www.eldigitaldeasturias.com\/noticias\/wp-content\/uploads\/2023\/12\/Tarifas-digital-de-Asturias.jpg\" \/>\n\t\t<meta property=\"og:image:secure_url\" content=\"https:\/\/www.eldigitaldeasturias.com\/noticias\/wp-content\/uploads\/2023\/12\/Tarifas-digital-de-Asturias.jpg\" \/>\n\t\t<meta property=\"og:image:width\" content=\"640\" \/>\n\t\t<meta property=\"og:image:height\" content=\"427\" \/>\n\t\t<meta property=\"article:published_time\" content=\"2015-04-01T02:43:07+00:00\" \/>\n\t\t<meta property=\"article:modified_time\" content=\"2023-12-25T16:43:12+00:00\" \/>\n\t\t<meta property=\"article:publisher\" content=\"https:\/\/facebook.com\/eldigitaldeasturias\" \/>\n\t\t<meta name=\"twitter:card\" content=\"summary_large_image\" \/>\n\t\t<meta name=\"twitter:title\" content=\"Tarifas Publicitarias \u2013 El Digital de Asturias\" \/>\n\t\t<meta name=\"twitter:description\" content=\"Bienvenidos a nuestra secci\u00f3n de publicidad, el lugar en el que te informamos de nuestros productos y tarifas publicitarias vigentes para el a\u00f1o 2024 en el\" \/>\n\t\t<meta name=\"twitter:image\" content=\"https:\/\/www.eldigitaldeasturias.com\/noticias\/wp-content\/uploads\/2023\/12\/Tarifas-digital-de-Asturias.jpg\" \/>\n\t\t<meta name=\"twitter:label1\" content=\"Escrito por\" \/>\n\t\t<meta name=\"twitter:data1\" content=\"El Digital de Asturias\" \/>\n\t\t<meta name=\"twitter:label2\" content=\"Tiempo de lectura estimado\" \/>\n\t\t<meta name=\"twitter:data2\" content=\"2 minutos\" \/>\n\t\t<script type=\"application\/ld+json\" class=\"aioseo-schema\">\n\t\t\t{\"@context\":\"https:\\\/\\\/schema.org\",\"@graph\":[{\"@type\":\"BreadcrumbList\",\"@id\":\"https:\\\/\\\/www.eldigitaldeasturias.com\\\/noticias\\\/tarifas-publicitarias\\\/#breadcrumblist\",\"itemListElement\":[{\"@type\":\"ListItem\",\"@id\":\"https:\\\/\\\/www.eldigitaldeasturias.com\\\/noticias#listItem\",\"position\":1,\"name\":\"Home\",\"item\":\"https:\\\/\\\/www.eldigitaldeasturias.com\\\/noticias\",\"nextItem\":{\"@type\":\"ListItem\",\"@id\":\"https:\\\/\\\/www.eldigitaldeasturias.com\\\/noticias\\\/tarifas-publicitarias\\\/#listItem\",\"name\":\"Tarifas Publicitarias\"}},{\"@type\":\"ListItem\",\"@id\":\"https:\\\/\\\/www.eldigitaldeasturias.com\\\/noticias\\\/tarifas-publicitarias\\\/#listItem\",\"position\":2,\"name\":\"Tarifas Publicitarias\",\"previousItem\":{\"@type\":\"ListItem\",\"@id\":\"https:\\\/\\\/www.eldigitaldeasturias.com\\\/noticias#listItem\",\"name\":\"Home\"}}]},{\"@type\":\"Organization\",\"@id\":\"https:\\\/\\\/www.eldigitaldeasturias.com\\\/noticias\\\/#organization\",\"name\":\"El Digital de Asturias\",\"description\":\"Hemeroteca\",\"url\":\"https:\\\/\\\/www.eldigitaldeasturias.com\\\/noticias\\\/\",\"email\":\"info@eldigitaldeasturias.com\",\"telephone\":\"+34652131393\",\"logo\":{\"@type\":\"ImageObject\",\"url\":\"https:\\\/\\\/www.eldigitaldeasturias.com\\\/noticias\\\/wp-content\\\/uploads\\\/2020\\\/12\\\/EDA.jpg\",\"@id\":\"https:\\\/\\\/www.eldigitaldeasturias.com\\\/noticias\\\/tarifas-publicitarias\\\/#organizationLogo\",\"width\":649,\"height\":297},\"image\":{\"@id\":\"https:\\\/\\\/www.eldigitaldeasturias.com\\\/noticias\\\/tarifas-publicitarias\\\/#organizationLogo\"},\"sameAs\":[\"https:\\\/\\\/facebook.com\\\/eldigitaldeasturias\",\"https:\\\/\\\/www.youtube.com\\\/channel\\\/UCZP-2wLEB9Rv6erhFmqVnvg\"],\"address\":{\"@id\":\"https:\\\/\\\/www.eldigitaldeasturias.com\\\/noticias\\\/#postaladdress\",\"@type\":\"PostalAddress\",\"streetAddress\":\"san antonio 4,\",\"postalCode\":\"33430\",\"addressLocality\":\"Cand\\u00e1s\",\"addressRegion\":\"Asturias\",\"addressCountry\":\"ES\"}},{\"@type\":\"WebPage\",\"@id\":\"https:\\\/\\\/www.eldigitaldeasturias.com\\\/noticias\\\/tarifas-publicitarias\\\/#webpage\",\"url\":\"https:\\\/\\\/www.eldigitaldeasturias.com\\\/noticias\\\/tarifas-publicitarias\\\/\",\"name\":\"Tarifas Publicitarias \\u2013 El Digital de Asturias\",\"description\":\"Bienvenidos a nuestra secci\\u00f3n de publicidad, el lugar en el que te informamos de nuestros productos y tarifas publicitarias vigentes para el a\\u00f1o 2024 en el\",\"inLanguage\":\"es-ES\",\"isPartOf\":{\"@id\":\"https:\\\/\\\/www.eldigitaldeasturias.com\\\/noticias\\\/#website\"},\"breadcrumb\":{\"@id\":\"https:\\\/\\\/www.eldigitaldeasturias.com\\\/noticias\\\/tarifas-publicitarias\\\/#breadcrumblist\"},\"image\":{\"@type\":\"ImageObject\",\"url\":\"https:\\\/\\\/www.eldigitaldeasturias.com\\\/noticias\\\/wp-content\\\/uploads\\\/2023\\\/12\\\/Tarifas-digital-de-Asturias.jpg\",\"@id\":\"https:\\\/\\\/www.eldigitaldeasturias.com\\\/noticias\\\/tarifas-publicitarias\\\/#mainImage\",\"width\":640,\"height\":427,\"caption\":\"Tarifas digital de Asturias\"},\"primaryImageOfPage\":{\"@id\":\"https:\\\/\\\/www.eldigitaldeasturias.com\\\/noticias\\\/tarifas-publicitarias\\\/#mainImage\"},\"datePublished\":\"2015-04-01T04:43:07+02:00\",\"dateModified\":\"2023-12-25T17:43:12+01:00\"},{\"@type\":\"WebSite\",\"@id\":\"https:\\\/\\\/www.eldigitaldeasturias.com\\\/noticias\\\/#website\",\"url\":\"https:\\\/\\\/www.eldigitaldeasturias.com\\\/noticias\\\/\",\"name\":\"El Digital de Asturias - Diario de actualidad y noticias\",\"alternateName\":\"El Digital de Asturias - Diario de actualidad y noticias\",\"description\":\"Hemeroteca\",\"inLanguage\":\"es-ES\",\"publisher\":{\"@id\":\"https:\\\/\\\/www.eldigitaldeasturias.com\\\/noticias\\\/#organization\"}}]}\n\t\t<\/script>\n\t\t<!-- All in One SEO Pro -->\r\n\t\t<title>Tarifas Publicitarias \u2013 El Digital de Asturias<\/title>\n\n","aioseo_head_json":{"title":"Tarifas Publicitarias \u2013 El Digital de Asturias","description":"Bienvenidos a nuestra secci\u00f3n de publicidad, el lugar en el que te informamos de nuestros productos y tarifas publicitarias vigentes para el a\u00f1o 2024 en el","canonical_url":"https:\/\/www.eldigitaldeasturias.com\/noticias\/tarifas-publicitarias\/","robots":"max-image-preview:large","keywords":"","webmasterTools":{"google-site-verification":"UA-38556648-1","msvalidate.01":"7dfe9f3f1b24437ab69f4f2559babe99","miscellaneous":""},"schema":{"@context":"https:\/\/schema.org","@graph":[{"@type":"BreadcrumbList","@id":"https:\/\/www.eldigitaldeasturias.com\/noticias\/tarifas-publicitarias\/#breadcrumblist","itemListElement":[{"@type":"ListItem","@id":"https:\/\/www.eldigitaldeasturias.com\/noticias#listItem","position":1,"name":"Home","item":"https:\/\/www.eldigitaldeasturias.com\/noticias","nextItem":{"@type":"ListItem","@id":"https:\/\/www.eldigitaldeasturias.com\/noticias\/tarifas-publicitarias\/#listItem","name":"Tarifas Publicitarias"}},{"@type":"ListItem","@id":"https:\/\/www.eldigitaldeasturias.com\/noticias\/tarifas-publicitarias\/#listItem","position":2,"name":"Tarifas Publicitarias","previousItem":{"@type":"ListItem","@id":"https:\/\/www.eldigitaldeasturias.com\/noticias#listItem","name":"Home"}}]},{"@type":"Organization","@id":"https:\/\/www.eldigitaldeasturias.com\/noticias\/#organization","name":"El Digital de Asturias","description":"Hemeroteca","url":"https:\/\/www.eldigitaldeasturias.com\/noticias\/","email":"info@eldigitaldeasturias.com","telephone":"+34652131393","logo":{"@type":"ImageObject","url":"https:\/\/www.eldigitaldeasturias.com\/noticias\/wp-content\/uploads\/2020\/12\/EDA.jpg","@id":"https:\/\/www.eldigitaldeasturias.com\/noticias\/tarifas-publicitarias\/#organizationLogo","width":649,"height":297},"image":{"@id":"https:\/\/www.eldigitaldeasturias.com\/noticias\/tarifas-publicitarias\/#organizationLogo"},"sameAs":["https:\/\/facebook.com\/eldigitaldeasturias","https:\/\/www.youtube.com\/channel\/UCZP-2wLEB9Rv6erhFmqVnvg"],"address":{"@id":"https:\/\/www.eldigitaldeasturias.com\/noticias\/#postaladdress","@type":"PostalAddress","streetAddress":"san antonio 4,","postalCode":"33430","addressLocality":"Cand\u00e1s","addressRegion":"Asturias","addressCountry":"ES"}},{"@type":"WebPage","@id":"https:\/\/www.eldigitaldeasturias.com\/noticias\/tarifas-publicitarias\/#webpage","url":"https:\/\/www.eldigitaldeasturias.com\/noticias\/tarifas-publicitarias\/","name":"Tarifas Publicitarias \u2013 El Digital de Asturias","description":"Bienvenidos a nuestra secci\u00f3n de publicidad, el lugar en el que te informamos de nuestros productos y tarifas publicitarias vigentes para el a\u00f1o 2024 en el","inLanguage":"es-ES","isPartOf":{"@id":"https:\/\/www.eldigitaldeasturias.com\/noticias\/#website"},"breadcrumb":{"@id":"https:\/\/www.eldigitaldeasturias.com\/noticias\/tarifas-publicitarias\/#breadcrumblist"},"image":{"@type":"ImageObject","url":"https:\/\/www.eldigitaldeasturias.com\/noticias\/wp-content\/uploads\/2023\/12\/Tarifas-digital-de-Asturias.jpg","@id":"https:\/\/www.eldigitaldeasturias.com\/noticias\/tarifas-publicitarias\/#mainImage","width":640,"height":427,"caption":"Tarifas digital de Asturias"},"primaryImageOfPage":{"@id":"https:\/\/www.eldigitaldeasturias.com\/noticias\/tarifas-publicitarias\/#mainImage"},"datePublished":"2015-04-01T04:43:07+02:00","dateModified":"2023-12-25T17:43:12+01:00"},{"@type":"WebSite","@id":"https:\/\/www.eldigitaldeasturias.com\/noticias\/#website","url":"https:\/\/www.eldigitaldeasturias.com\/noticias\/","name":"El Digital de Asturias - Diario de actualidad y noticias","alternateName":"El Digital de Asturias - Diario de actualidad y noticias","description":"Hemeroteca","inLanguage":"es-ES","publisher":{"@id":"https:\/\/www.eldigitaldeasturias.com\/noticias\/#organization"}}]},"og:locale":"es_ES","og:site_name":"El Digital de Asturias","og:type":"article","og:title":"Tarifas Publicitarias \u2013 El Digital de Asturias","og:description":"Bienvenidos a nuestra secci\u00f3n de publicidad, el lugar en el que te informamos de nuestros productos y tarifas publicitarias vigentes para el a\u00f1o 2024 en el","og:url":"https:\/\/www.eldigitaldeasturias.com\/noticias\/tarifas-publicitarias\/","og:image":"https:\/\/www.eldigitaldeasturias.com\/noticias\/wp-content\/uploads\/2023\/12\/Tarifas-digital-de-Asturias.jpg","og:image:secure_url":"https:\/\/www.eldigitaldeasturias.com\/noticias\/wp-content\/uploads\/2023\/12\/Tarifas-digital-de-Asturias.jpg","og:image:width":640,"og:image:height":427,"article:published_time":"2015-04-01T02:43:07+00:00","article:modified_time":"2023-12-25T16:43:12+00:00","article:publisher":"https:\/\/facebook.com\/eldigitaldeasturias","twitter:card":"summary_large_image","twitter:title":"Tarifas Publicitarias \u2013 El Digital de Asturias","twitter:description":"Bienvenidos a nuestra secci\u00f3n de publicidad, el lugar en el que te informamos de nuestros productos y tarifas publicitarias vigentes para el a\u00f1o 2024 en el","twitter:image":"https:\/\/www.eldigitaldeasturias.com\/noticias\/wp-content\/uploads\/2023\/12\/Tarifas-digital-de-Asturias.jpg","twitter:label1":"Escrito por","twitter:data1":"El Digital de Asturias","twitter:label2":"Tiempo de lectura estimado","twitter:data2":"2 minutos"},"aioseo_meta_data":{"post_id":"775466","title":null,"description":"Bienvenidos a nuestra secci\u00f3n de publicidad, el lugar en el que te informamos de nuestros productos y tarifas publicitarias vigentes para el a\u00f1o 2024 en el","keywords":[],"keyphrases":{"focus":{"keyphrase":"tarifas","score":91,"analysis":{"keyphraseInTitle":{"score":9,"maxScore":9,"error":0},"keyphraseInDescription":{"score":9,"maxScore":9,"error":0},"keyphraseLength":{"score":9,"maxScore":9,"error":0,"length":1},"keyphraseInURL":{"score":5,"maxScore":5,"error":0},"keyphraseInIntroduction":{"score":9,"maxScore":9,"error":0},"keyphraseInSubHeadings":{"score":3,"maxScore":9,"error":1},"keyphraseInImageAlt":{"score":9,"maxScore":9,"error":0},"keywordDensity":{"type":"best","score":9,"maxScore":9,"error":0}}},"additional":[{"keyphrase":"tarifas","score":100,"analysis":{"keyphraseInDescription":{"score":9,"maxScore":9,"error":0},"keyphraseLength":{"score":9,"maxScore":9,"error":0,"length":1},"keyphraseInIntroduction":{"score":9,"maxScore":9,"error":0},"keyphraseInImageAlt":{"score":9,"maxScore":9,"error":0},"keywordDensity":{"type":"best","score":9,"maxScore":9,"error":0}}}]},"primary_term":null,"canonical_url":null,"og_title":null,"og_description":null,"og_object_type":"default","og_image_type":"default","og_image_url":null,"og_image_width":null,"og_image_height":null,"og_image_custom_url":null,"og_image_custom_fields":null,"og_video":"","og_custom_url":null,"og_article_section":null,"og_article_tags":[],"twitter_use_og":true,"twitter_card":"default","twitter_image_type":"default","twitter_image_url":null,"twitter_image_custom_url":null,"twitter_image_custom_fields":null,"twitter_title":null,"twitter_description":null,"schema":{"blockGraphs":[],"customGraphs":[],"default":{"data":{"Article":[],"Course":[],"Dataset":[],"FAQPage":[],"Movie":[],"Person":[],"Product":[],"ProductReview":[],"Car":[],"Recipe":[],"Service":[],"SoftwareApplication":[],"WebPage":[]},"graphName":"WebPage","isEnabled":true},"graphs":[]},"schema_type":"default","schema_type_options":"{\"article\":{\"articleType\":\"BlogPosting\"},\"course\":{\"name\":\"\",\"description\":\"\",\"provider\":\"\"},\"faq\":{\"pages\":[]},\"product\":{\"reviews\":[]},\"recipe\":{\"ingredients\":[],\"instructions\":[],\"keywords\":[]},\"software\":{\"reviews\":[],\"operatingSystems\":[]},\"webPage\":{\"webPageType\":\"WebPage\"}}","pillar_content":false,"robots_default":true,"robots_noindex":false,"robots_noarchive":false,"robots_nosnippet":false,"robots_nofollow":false,"robots_noimageindex":false,"robots_noodp":false,"robots_notranslate":false,"robots_max_snippet":"-1","robots_max_videopreview":"-1","robots_max_imagepreview":"none","priority":null,"frequency":"default","local_seo":null,"seo_analyzer_scan_date":"2026-01-12 08:39:56","breadcrumb_settings":null,"limit_modified_date":false,"open_ai":"{\"title\":{\"suggestions\":[],\"usage\":0},\"description\":{\"suggestions\":[],\"usage\":0}}","ai":null,"created":"2020-11-14 23:18:01","updated":"2026-01-12 08:39:56"},"aioseo_breadcrumb":"<div class=\"aioseo-breadcrumbs\"><span class=\"aioseo-breadcrumb\">\n\t<a href=\"https:\/\/www.eldigitaldeasturias.com\/noticias\" title=\"Home\">Home<\/a>\n<\/span><span class=\"aioseo-breadcrumb-separator\">\u2013<\/span><span class=\"aioseo-breadcrumb\">\n\t<a href=\"https:\/\/www.eldigitaldeasturias.com\/noticias\/tarifas-publicitarias\/\" title=\"Tarifas Publicitarias\">Tarifas Publicitarias<\/a>\n<\/span><\/div>","aioseo_breadcrumb_json":[{"label":"Home","link":"https:\/\/www.eldigitaldeasturias.com\/noticias"},{"label":"Tarifas Publicitarias","link":"https:\/\/www.eldigitaldeasturias.com\/noticias\/tarifas-publicitarias\/"}],"_links":{"self":[{"href":"https:\/\/www.eldigitaldeasturias.com\/noticias\/wp-json\/wp\/v2\/pages\/775466","targetHints":{"allow":["GET"]}}],"collection":[{"href":"https:\/\/www.eldigitaldeasturias.com\/noticias\/wp-json\/wp\/v2\/pages"}],"about":[{"href":"https:\/\/www.eldigitaldeasturias.com\/noticias\/wp-json\/wp\/v2\/types\/page"}],"author":[{"embeddable":true,"href":"https:\/\/www.eldigitaldeasturias.com\/noticias\/wp-json\/wp\/v2\/users\/1"}],"replies":[{"embeddable":true,"href":"https:\/\/www.eldigitaldeasturias.com\/noticias\/wp-json\/wp\/v2\/comments?post=775466"}],"version-history":[{"count":0,"href":"https:\/\/www.eldigitaldeasturias.com\/noticias\/wp-json\/wp\/v2\/pages\/775466\/revisions"}],"wp:featuredmedia":[{"embeddable":true,"href":"https:\/\/www.eldigitaldeasturias.com\/noticias\/wp-json\/wp\/v2\/media\/1127869"}],"wp:attachment":[{"href":"https:\/\/www.eldigitaldeasturias.com\/noticias\/wp-json\/wp\/v2\/media?parent=775466"}],"curies":[{"name":"wp","href":"https:\/\/api.w.org\/{rel}","templated":true}]}}